{"id":24,"date":"2012-01-23T12:45:48","date_gmt":"2012-01-23T11:45:48","guid":{"rendered":"http:\/\/www.fetz-racing.de\/wordpress\/?page_id=24"},"modified":"2020-07-07T11:34:18","modified_gmt":"2020-07-07T10:34:18","slug":"rueckblick","status":"publish","type":"page","link":"https:\/\/www.fetz-racing.de\/wordpress\/?page_id=24","title":{"rendered":"R\u00fcckblick"},"content":{"rendered":"<p>Hier finden Sie Berichte &amp; Fotos zu vergangenen Veranstaltungen und Rennen.<br \/>\nBitte w\u00e4hlen Sie die entsprechenden Unterpunkte im Men\u00fc &#8222;R\u00fcckblick &amp; Ergebnisse&#8220;.<\/p>\n","protected":false},"excerpt":{"rendered":"<p>Hier finden Sie Berichte &amp; Fotos zu vergangenen Veranstaltungen und Rennen. Bitte w\u00e4hlen Sie die entsprechenden Unterpunkte im Men\u00fc &#8222;R\u00fcckblick &amp; Ergebnisse&#8220;. <a class=\"continue-reading-link\" href=\"https:\/\/www.fetz-racing.de\/wordpress\/?page_id=24\">Weiterlesen<\/a><\/p>\n","protected":false},"author":1,"featured_media":0,"parent":0,"menu_order":30,"comment_status":"closed","ping_status":"closed","template":"","meta":{"ngg_post_thumbnail":0,"jetpack_post_was_ever_published":false,"footnotes":""},"class_list":["post-24","page","type-page","status-publish","hentry"],"jetpack_sharing_enabled":true,"jetpack_shortlink":"https:\/\/wp.me\/P8UkLO-o","jetpack-related-posts":[],"_links":{"self":[{"href":"https:\/\/www.fetz-racing.de\/wordpress\/index.php?rest_route=\/wp\/v2\/pages\/24","targetHints":{"allow":["GET"]}}],"collection":[{"href":"https:\/\/www.fetz-racing.de\/wordpress\/index.php?rest_route=\/wp\/v2\/pages"}],"about":[{"href":"https:\/\/www.fetz-racing.de\/wordpress\/index.php?rest_route=\/wp\/v2\/types\/page"}],"author":[{"embeddable":true,"href":"https:\/\/www.fetz-racing.de\/wordpress\/index.php?rest_route=\/wp\/v2\/users\/1"}],"replies":[{"embeddable":true,"href":"https:\/\/www.fetz-racing.de\/wordpress\/index.php?rest_route=%2Fwp%2Fv2%2Fcomments&post=24"}],"version-history":[{"count":1,"href":"https:\/\/www.fetz-racing.de\/wordpress\/index.php?rest_route=\/wp\/v2\/pages\/24\/revisions"}],"predecessor-version":[{"id":4347,"href":"https:\/\/www.fetz-racing.de\/wordpress\/index.php?rest_route=\/wp\/v2\/pages\/24\/revisions\/4347"}],"wp:attachment":[{"href":"https:\/\/www.fetz-racing.de\/wordpress\/index.php?rest_route=%2Fwp%2Fv2%2Fmedia&parent=24"}],"curies":[{"name":"wp","href":"https:\/\/api.w.org\/{rel}","templated":true}]}}