{"id":2388,"date":"2020-01-13T13:41:12","date_gmt":"2020-01-13T12:41:12","guid":{"rendered":"http:\/\/www.fetz-racing.de\/wordpress\/?page_id=2388"},"modified":"2026-03-25T14:32:02","modified_gmt":"2026-03-25T13:32:02","slug":"fanclub-2","status":"publish","type":"page","link":"https:\/\/www.fetz-racing.de\/wordpress\/?page_id=2388","title":{"rendered":"Fanclub"},"content":{"rendered":"<p>Ich m\u00f6chte all meinen Freunden, Bekannten, Motorsportbegeisterten und denen, die es noch werden m\u00f6chten, die M\u00f6glichkeit geben ein Teil meines Teams zu sein. Wie Ihr Euch alle sicher vorstellen k\u00f6nnt, ist mein Sport finanziell sehr aufwendig. Ohne Sponsoren und G\u00f6nner, gibt es kaum keine M\u00f6glichkeit diesen Sport zu betreiben.<\/p>\n<p>Wie ihr mich als Privatperson au\u00dferhalb des Firmensponsorings unterst\u00fctzen k\u00f6nnt?<\/p>\n<p><a href=\"https:\/\/www.fetz-racing.de\/wordpress\/?page_id=2377\">100er-Club<\/a>\u00a0 und\u00a0 <a href=\"https:\/\/www.fetz-racing.de\/wordpress\/?page_id=2383\">Reifen-Club<\/a><\/p>\n<div id=\"cc-m-11477761326\" class=\"j-module n j-text \"><\/div>\n<div>\n<hr \/>\n<\/div>\n<div>\n<div>\n<p><span style=\"color: #00ffff; background-color: #999999;\"><strong>Mitglieder im Reifen-Club 2026<\/strong><\/span><\/p>\n<ul>\n<li><strong>Nadine &amp; Markus<\/strong><\/li>\n<li><strong>Thorsten &amp; Birgit<\/strong><\/li>\n<li><strong>tba.\u00a0<\/strong><\/li>\n<\/ul>\n<p><span style=\"color: #00ffff; background-color: #999999;\"><strong>Mitglieder im 100er-Club 2026<\/strong><\/span><\/p>\n<ul>\n<li><strong>Emil, Lyana, Levia, Luan und Lilu<\/strong><\/li>\n<li><strong>tba.<\/strong><\/li>\n<\/ul>\n<p><span style=\"color: #ff0000;\"><strong>Mitglieder im Reifen-Club 2025<\/strong><\/span><\/p>\n<ul>\n<li><strong>Thorsten &amp; Birgit<\/strong><\/li>\n<li><strong>Sonderbar-Team Aurach <\/strong><\/li>\n<li><strong>Ale #34, Dani #7 &amp; Phillip<\/strong><\/li>\n<li><strong>Karin W\u00f6rlein<\/strong><\/li>\n<li><strong>Bianca &amp; Dirk Adler<\/strong><\/li>\n<li><strong>Thorsten W\u00f6rlein<\/strong><\/li>\n<li><strong>tba.\u00a0<\/strong><\/li>\n<\/ul>\n<p><span style=\"color: #ff0000;\"><strong>Mitglieder im 100er-Club 2025<\/strong><\/span><\/p>\n<ul>\n<li><strong>Angelika Fetz\u00a0<\/strong><\/li>\n<li><strong>Nadine &amp; Markus<\/strong><\/li>\n<li><strong>Eri &amp; Oli<\/strong><\/li>\n<li><strong>Adam Stasiak<\/strong><\/li>\n<li><strong>Ramona &amp; Joe Brunner<\/strong><\/li>\n<li><strong>Karin &amp; G\u00fcnter Henle<\/strong><\/li>\n<li><strong>Thomas Zinsmeister<\/strong><\/li>\n<li><strong>Wolfi &amp; Petra<\/strong><\/li>\n<li><strong>tba.<br \/>\n<\/strong><\/li>\n<\/ul>\n<p><span style=\"color: #ff6600;\"><strong>Mitglieder im Reifen-Club 2024<\/strong><\/span><\/p>\n<ul>\n<li><strong>Thorsten W\u00f6rlein\u00a0<\/strong><\/li>\n<li><strong>Bianca &amp; Dirk Adler<\/strong><\/li>\n<li><strong>Karin W\u00f6rlein<\/strong><\/li>\n<li><strong>tba.\u00a0<\/strong><\/li>\n<\/ul>\n<p><span style=\"color: #ff6600;\"><strong>Mitglieder im 100er-Club 2024<\/strong><\/span><\/p>\n<ul>\n<li><strong>Nils &amp; Lars Mergenthaler<\/strong><\/li>\n<li><strong>Thomas Zinsmeister\u00a0<\/strong><\/li>\n<li><strong>Angelika &amp; Werner Fetz<\/strong><\/li>\n<li><strong>Karin &amp; G\u00fcnter Henle<\/strong><\/li>\n<li><strong>tba.\u00a0<\/strong><\/li>\n<\/ul>\n<p><span style=\"background-color: #999999;\"><strong style=\"color: #ffff99; font-size: revert; background-color: #999999;\">Mitglieder im Reifen-Club 2023<\/strong><\/span><\/p>\n<div>\n<ul>\n<li><strong>Karin W\u00f6rlein <\/strong><\/li>\n<li><strong>Thorsten &amp; Birgit <\/strong><\/li>\n<li><strong>Thorsten W\u00f6rlein\u00a0<\/strong><\/li>\n<li><strong>Bianca &amp; Dirk Adler<\/strong><\/li>\n<li><strong>tba. <\/strong><\/li>\n<\/ul>\n<\/div>\n<div>\n<p><span style=\"color: #ffff99; background-color: #999999;\"><strong>Mitglieder im 100er-Club 2023<\/strong><\/span><\/p>\n<ul>\n<li><strong>Thomas Zin\u00dfmeister<br \/>\n<\/strong><\/li>\n<li><strong>Karin &amp; G\u00fcnter Henle<\/strong><\/li>\n<li><strong>Angelika &amp; Werner Fetz<\/strong><\/li>\n<li><strong>Maximilian Spickenbaum<\/strong><\/li>\n<li><strong>tba.<\/strong><\/li>\n<\/ul>\n<\/div>\n<p><span style=\"color: #ff6600;\"><strong>Mitglieder im Reifen-Club 2022<\/strong><\/span><\/p>\n<ul>\n<li><strong>Claudia Fritzsch &amp; Marcel Vogel<\/strong><\/li>\n<li><strong>tba.<\/strong><\/li>\n<\/ul>\n<\/div>\n<div>\n<p><span style=\"color: #ff6600;\"><strong>Mitglieder im 100er-Club 2022<\/strong><\/span><\/p>\n<ul>\n<li><strong>tba.<\/strong><\/li>\n<\/ul>\n<\/div>\n<p><span style=\"color: #91518d;\"><strong>Mitglieder im Reifen-Club 2021<\/strong><\/span><\/p>\n<ul>\n<li><strong>Bianca &amp; Dirk Adler <\/strong><\/li>\n<li><strong>Claudia Fritzsch &amp; Marcel Vogel<\/strong><\/li>\n<li><strong>Thorsten &amp; Birgit\u00a0<\/strong><\/li>\n<li><strong>Karin W\u00f6rlein<\/strong><\/li>\n<li><strong>Thorsten W\u00f6rlein\u00a0<\/strong><\/li>\n<\/ul>\n<\/div>\n<div>\n<p><span style=\"color: #91518d;\"><strong>Mitglieder im 100er-Club 2021<\/strong><\/span><\/p>\n<ul>\n<li><strong>Angelika &amp; Werner Fetz<\/strong><\/li>\n<li><strong>Achim M\u00fcller\u00a0<\/strong><\/li>\n<\/ul>\n<\/div>\n<div>\n<p><span style=\"color: #ff0000;\"><strong>Mitglieder im Reifen-Club 2020<\/strong><\/span><\/p>\n<ul>\n<li><strong>Bianca &amp; Dirk Adler <\/strong><\/li>\n<li><strong>N. Reindler <\/strong><\/li>\n<li><strong>E. Edelh\u00e4user<\/strong><\/li>\n<li><b>Kalle F\u00f6ttinger <\/b><\/li>\n<li><strong>Karin W\u00f6rlein <\/strong><\/li>\n<li><strong>Thorsten Schletterer <\/strong><\/li>\n<li><strong>Thorsten W\u00f6rlein<\/strong><\/li>\n<li><strong>tba.<\/strong><\/li>\n<\/ul>\n<\/div>\n<div>\n<p><span style=\"color: #ff0000;\"><strong>Mitglieder im 100er-Club 2020<\/strong><\/span><\/p>\n<ul>\n<li><strong>Thorsten W\u00f6rlein <\/strong><\/li>\n<li><strong>Achim M\u00fcller<\/strong><\/li>\n<li><strong>tba.<\/strong><\/li>\n<\/ul>\n<\/div>\n<p><span style=\"color: #1a35bd;\"><strong>Mitglieder im Reifen-Club 2019<\/strong><\/span><\/p>\n<div>\n<div>\n<ul>\n<li><strong>Bianca &amp; Dirk Adler <\/strong><\/li>\n<li><strong>Kalle F\u00f6ttinger<\/strong><\/li>\n<li><strong>N. Reindler <\/strong><\/li>\n<li><strong>E. Edelh\u00e4user<\/strong><\/li>\n<li><strong>Karin W\u00f6rlein <\/strong><\/li>\n<li><strong>Thorsten W\u00f6rlein<\/strong><\/li>\n<\/ul>\n<\/div>\n<div>\n<p><span style=\"color: #1a35bd;\"><strong>Mitglieder im 100er-Club 2019<\/strong><\/span><\/p>\n<ul>\n<li><strong>Patrick Grimm <\/strong><\/li>\n<li><strong>Thorsten W\u00f6rlein <\/strong><\/li>\n<li><strong>Achim M\u00fcller <\/strong><\/li>\n<li><strong>Thorsten Schletterer\u00a0<\/strong><\/li>\n<\/ul>\n<\/div>\n<p><span style=\"color: #008000;\"><strong>Mitglieder im Reifen-Club 2018<\/strong><\/span><\/p>\n<ul>\n<li><strong>Kalle F\u00f6ttinger<\/strong><\/li>\n<li><strong>N. Reindler<\/strong><\/li>\n<li><strong>E. Edelh\u00e4uer Sen.<\/strong><\/li>\n<li><strong>Urs Strehler <\/strong><\/li>\n<li><strong>Thorsten W\u00f6rlein<br \/>\n<\/strong><\/li>\n<li><strong>Thorsten Schletterer<\/strong><\/li>\n<li><strong>Karin W\u00f6rlein <\/strong><\/li>\n<li><strong>&#8222;Sonderbar&#8220; Aurach<\/strong><\/li>\n<\/ul>\n<\/div>\n<div>\n<p><span style=\"color: #008000;\"><strong>Mitglieder im 100er-Club 2018<\/strong><\/span><\/p>\n<ul>\n<li><strong>Dirk Adler<\/strong><\/li>\n<li><strong>Patrick Grimm<\/strong><\/li>\n<li><strong>Kalle F\u00f6ttinger<\/strong><\/li>\n<li><strong>Klemens Groos <\/strong><\/li>\n<li><strong><strong>Achim M\u00fcller<\/strong><\/strong><\/li>\n<\/ul>\n<\/div>\n<p><span style=\"color: #800000;\"><strong>Mitglieder im Reifen-Club 2017<br \/>\n<\/strong><\/span><\/p>\n<ul>\n<li><strong>Thorsten Schletterer<\/strong><\/li>\n<li><strong>Norbert R.<\/strong><\/li>\n<li><strong>Thorsten W\u00f6rlein <\/strong><\/li>\n<li><strong>Kalle F\u00f6ttinger<\/strong><\/li>\n<\/ul>\n<p><span style=\"color: #800000;\"><strong>Mitglieder im 100er-Club 2017<br \/>\n<\/strong><\/span><\/p>\n<ul>\n<li><strong>Dirk Adler<\/strong><\/li>\n<li><strong>Thorsten W\u00f6rlein<\/strong><\/li>\n<li><strong>E. Edelh\u00e4user Sen.<br \/>\n<\/strong><\/li>\n<li><strong>Achim M\u00fcller <\/strong><\/li>\n<li><strong>Karin W\u00f6rlein <\/strong><\/li>\n<\/ul>\n","protected":false},"excerpt":{"rendered":"<p>Ich m\u00f6chte all meinen Freunden, Bekannten, Motorsportbegeisterten und denen, die es noch werden m\u00f6chten, die M\u00f6glichkeit geben ein Teil meines Teams zu sein. Wie Ihr Euch alle sicher vorstellen k\u00f6nnt, ist mein Sport finanziell sehr aufwendig. Ohne Sponsoren und G\u00f6nner, gibt es kaum keine M\u00f6glichkeit diesen Sport zu betreiben. Wie\u2026 <a class=\"continue-reading-link\" href=\"https:\/\/www.fetz-racing.de\/wordpress\/?page_id=2388\">Weiterlesen<\/a><\/p>\n","protected":false},"author":1,"featured_media":0,"parent":0,"menu_order":50,"comment_status":"closed","ping_status":"closed","template":"","meta":{"ngg_post_thumbnail":0,"jetpack_post_was_ever_published":false,"footnotes":""},"class_list":["post-2388","page","type-page","status-publish","hentry"],"jetpack_sharing_enabled":true,"jetpack_shortlink":"https:\/\/wp.me\/P8UkLO-Cw","jetpack-related-posts":[],"_links":{"self":[{"href":"https:\/\/www.fetz-racing.de\/wordpress\/index.php?rest_route=\/wp\/v2\/pages\/2388","targetHints":{"allow":["GET"]}}],"collection":[{"href":"https:\/\/www.fetz-racing.de\/wordpress\/index.php?rest_route=\/wp\/v2\/pages"}],"about":[{"href":"https:\/\/www.fetz-racing.de\/wordpress\/index.php?rest_route=\/wp\/v2\/types\/page"}],"author":[{"embeddable":true,"href":"https:\/\/www.fetz-racing.de\/wordpress\/index.php?rest_route=\/wp\/v2\/users\/1"}],"replies":[{"embeddable":true,"href":"https:\/\/www.fetz-racing.de\/wordpress\/index.php?rest_route=%2Fwp%2Fv2%2Fcomments&post=2388"}],"version-history":[{"count":88,"href":"https:\/\/www.fetz-racing.de\/wordpress\/index.php?rest_route=\/wp\/v2\/pages\/2388\/revisions"}],"predecessor-version":[{"id":6372,"href":"https:\/\/www.fetz-racing.de\/wordpress\/index.php?rest_route=\/wp\/v2\/pages\/2388\/revisions\/6372"}],"wp:attachment":[{"href":"https:\/\/www.fetz-racing.de\/wordpress\/index.php?rest_route=%2Fwp%2Fv2%2Fmedia&parent=2388"}],"curies":[{"name":"wp","href":"https:\/\/api.w.org\/{rel}","templated":true}]}}