{"id":2377,"date":"2020-01-09T23:01:05","date_gmt":"2020-01-09T22:01:05","guid":{"rendered":"http:\/\/www.fetz-racing.de\/wordpress\/?page_id=2377"},"modified":"2026-03-25T14:32:56","modified_gmt":"2026-03-25T13:32:56","slug":"fanclub","status":"publish","type":"page","link":"https:\/\/www.fetz-racing.de\/wordpress\/?page_id=2377","title":{"rendered":"100er-Club"},"content":{"rendered":"<p>Werde Mitglied im Fetz-Racing 100er-Club !<\/p>\n<div id=\"cc-m-11477761326\" class=\"j-module n j-text \">\n<p>Ich m\u00f6chte all meinen Freunden, Bekannten, Motorsportbegeisterten und denen, die es noch werden m\u00f6chten, die M\u00f6glichkeit geben ein Teil meines Teams zu sein. Wie Ihr Euch alle sicher vorstellen k\u00f6nnt, ist mein Sport finanziell sehr aufwendig. Ohne Sponsoren und G\u00f6nner, gibt es kaum keine M\u00f6glichkeit diesen Sport zu betreiben.<\/p>\n<p>Beim Fetz-Racing 100er-Club k\u00f6nnt Ihr mich schon mit einem kleinen Betrag unterst\u00fctzen. Wie viel Ihr spenden m\u00f6chtet ist Euch \u00fcberlassen. Was Ihr tun m\u00fcsst? Setzt euch kurz mit mir <a href=\"mailto:did.fetz@gmx.de?subject=Fetz Racing 100er Club rockt\">per Mail <\/a> in Verbindung und wir werden Euch alle weiteren Informationen zusenden.<\/p>\n<p>Der Club-Zweck dient ausschlie\u00dflich der finanziellen Unterst\u00fctzung des Fetz-Racings Teams.\u00a0Als Mitglied des 100er-Clubs seid Ihr jederzeit im Fahrerlager willkommen, um die Rennatmosph\u00e4re hautnah mitzuerleben. Zum Saisonabschluss seid Ihr Gast bei unserem gem\u00fctlichen Supporter-Event.<\/p>\n<p>Durch die Spende erwarten Euch folgende Punkte:<\/p>\n<ol>\n<li><strong>Namenseintrag auf dieser Homepage<\/strong><\/li>\n<li><strong>Autogrammkarte + Poster, signiert<\/strong><\/li>\n<li><strong>Aktuelle Berichterstattung von den Rennen und Ereignissen<\/strong><\/li>\n<\/ol>\n<p>Ich w\u00fcrde mich riesig freuen, wenn Ihr mich auch bei meiner n\u00e4chsten Saison in der IDM Superbike 1000 unterst\u00fctzt!<\/p>\n<p>Vielen Dank!<\/p>\n<p>Marco Fetz<\/p>\n<\/div>\n<div>\n<p><span style=\"background-color: #999999; color: #00ffff;\"><strong>Mitglieder im 100er-Club 2026<\/strong><\/span><\/p>\n<ul>\n<li><strong>Emil, Lyana, Levia, Luan und Lilu<\/strong><\/li>\n<li><strong>tba<\/strong><\/li>\n<\/ul>\n<\/div>\n<div>\n<p><span style=\"color: #ff0000;\"><strong>Mitglieder im 100er-Club 2025<\/strong><\/span><\/p>\n<ul>\n<li><strong>Angelika Fetz <\/strong><\/li>\n<li><strong>Nadine &amp; Markus\u00a0<\/strong><\/li>\n<li><strong>Eri &amp; Oli\u00a0<\/strong><\/li>\n<li><strong>Adam Stasiak<\/strong><\/li>\n<li><strong>Ramona &amp; Joe Brunner<\/strong><\/li>\n<li><strong>Karin &amp; G\u00fcnter Henle<\/strong><\/li>\n<li><strong>Thomas Zinsmeister <\/strong><\/li>\n<li><strong>Wolfi &amp; Petra<\/strong><\/li>\n<li><strong>tba.\u00a0 <\/strong><\/li>\n<\/ul>\n<p><span style=\"color: #ff6600;\"><strong>Mitglieder im 100er-Club 2024<\/strong><\/span><\/p>\n<ul>\n<li><strong>Nils &amp; Lars Mergenthaler<\/strong><\/li>\n<li><strong>Thomas Zinsmeister <\/strong><\/li>\n<li><strong>Angelika &amp; Werner Fetz<\/strong><\/li>\n<li><strong>Karin &amp; G\u00fcnter Henle<\/strong><\/li>\n<li><strong>tba.\u00a0<\/strong><\/li>\n<\/ul>\n<p><span style=\"color: #ffff99; background-color: #999999;\"><strong>Mitglieder im 100er-Club 2023<\/strong><\/span><\/p>\n<ul>\n<li><strong>Thomas Zinsmeister <\/strong><\/li>\n<li><strong>Karin &amp; G\u00fcnter Henle<\/strong><\/li>\n<li><strong>Angelika &amp; Werner Fetz<\/strong><\/li>\n<li><strong>Maximilian Spickenbaum<\/strong><\/li>\n<li><strong>tba.<\/strong><\/li>\n<\/ul>\n<p><span style=\"color: #ff6600;\"><strong>Mitglieder im 100er-Club 2022<\/strong><\/span><\/p>\n<ul>\n<li><strong>tba.<\/strong><\/li>\n<\/ul>\n<p><span style=\"color: #91518d;\"><strong>Mitglieder im 100er-Club 2021<\/strong><\/span><\/p>\n<ul>\n<li><strong>Angelika &amp; Werner Fetz<\/strong><\/li>\n<li><strong>Achim M\u00fcller\u00a0<\/strong><\/li>\n<\/ul>\n<p><span style=\"color: #ff0000;\"><strong>Mitglieder im 100er-Club 2020<\/strong><\/span><\/p>\n<ul>\n<li><strong>Thorsten W\u00f6rlein <\/strong><\/li>\n<li><strong>Achim M\u00fcller\u00a0<\/strong><\/li>\n<\/ul>\n<p><span style=\"color: #0000ff;\"><strong>Mitglieder im 100er-Club 2019<\/strong><\/span><\/p>\n<ul>\n<li><strong>Patrick Grimm <\/strong><\/li>\n<li><strong>Thorsten W\u00f6rlein<\/strong><\/li>\n<li><strong>Thorsten Schletterer\u00a0<\/strong><\/li>\n<\/ul>\n<p><span style=\"color: #008000;\"><strong>Mitglieder im 100er-Club 2018<\/strong><\/span><\/p>\n<ul>\n<li><strong>Dirk Adler<\/strong><\/li>\n<li><strong>Patrick Grimm<\/strong><\/li>\n<li><strong>Klemens Groos<\/strong><\/li>\n<li><strong>Kalle F\u00f6ttinger <\/strong><\/li>\n<li><strong>Achim M\u00fcller<\/strong><\/li>\n<\/ul>\n<\/div>\n<div id=\"cc-m-11787913526\" class=\"j-module n j-text \">\n<p><span style=\"color: #800000;\"><strong>Mitglieder im 100er-Club 2017<\/strong><\/span><\/p>\n<ul>\n<li><strong>Dirk Adler<br \/>\n<\/strong><\/li>\n<li><strong>Thorsten W\u00f6rlein<\/strong><\/li>\n<li><strong>E. Edelh\u00e4user Sen.<br \/>\n<\/strong><\/li>\n<li><strong>Achim M\u00fcller <\/strong><\/li>\n<li><strong>Karin W\u00f6rlein<\/strong><\/li>\n<\/ul>\n<\/div>\n","protected":false},"excerpt":{"rendered":"<p>Werde Mitglied im Fetz-Racing 100er-Club ! Ich m\u00f6chte all meinen Freunden, Bekannten, Motorsportbegeisterten und denen, die es noch werden m\u00f6chten, die M\u00f6glichkeit geben ein Teil meines Teams zu sein. Wie Ihr Euch alle sicher vorstellen k\u00f6nnt, ist mein Sport finanziell sehr aufwendig. Ohne Sponsoren und G\u00f6nner, gibt es kaum keine\u2026 <a class=\"continue-reading-link\" href=\"https:\/\/www.fetz-racing.de\/wordpress\/?page_id=2377\">Weiterlesen<\/a><\/p>\n","protected":false},"author":1,"featured_media":0,"parent":2388,"menu_order":0,"comment_status":"closed","ping_status":"closed","template":"","meta":{"ngg_post_thumbnail":0,"jetpack_post_was_ever_published":false,"footnotes":""},"class_list":["post-2377","page","type-page","status-publish","hentry"],"jetpack_sharing_enabled":true,"jetpack_shortlink":"https:\/\/wp.me\/P8UkLO-Cl","jetpack-related-posts":[],"_links":{"self":[{"href":"https:\/\/www.fetz-racing.de\/wordpress\/index.php?rest_route=\/wp\/v2\/pages\/2377","targetHints":{"allow":["GET"]}}],"collection":[{"href":"https:\/\/www.fetz-racing.de\/wordpress\/index.php?rest_route=\/wp\/v2\/pages"}],"about":[{"href":"https:\/\/www.fetz-racing.de\/wordpress\/index.php?rest_route=\/wp\/v2\/types\/page"}],"author":[{"embeddable":true,"href":"https:\/\/www.fetz-racing.de\/wordpress\/index.php?rest_route=\/wp\/v2\/users\/1"}],"replies":[{"embeddable":true,"href":"https:\/\/www.fetz-racing.de\/wordpress\/index.php?rest_route=%2Fwp%2Fv2%2Fcomments&post=2377"}],"version-history":[{"count":68,"href":"https:\/\/www.fetz-racing.de\/wordpress\/index.php?rest_route=\/wp\/v2\/pages\/2377\/revisions"}],"predecessor-version":[{"id":6373,"href":"https:\/\/www.fetz-racing.de\/wordpress\/index.php?rest_route=\/wp\/v2\/pages\/2377\/revisions\/6373"}],"up":[{"embeddable":true,"href":"https:\/\/www.fetz-racing.de\/wordpress\/index.php?rest_route=\/wp\/v2\/pages\/2388"}],"wp:attachment":[{"href":"https:\/\/www.fetz-racing.de\/wordpress\/index.php?rest_route=%2Fwp%2Fv2%2Fmedia&parent=2377"}],"curies":[{"name":"wp","href":"https:\/\/api.w.org\/{rel}","templated":true}]}}